{"id":3,"date":"2022-06-08T15:11:32","date_gmt":"2022-06-08T13:11:32","guid":{"rendered":"https:\/\/www.studionicoluccipresenza.it\/?page_id=3"},"modified":"2022-06-10T18:03:45","modified_gmt":"2022-06-10T16:03:45","slug":"privacy-policy","status":"publish","type":"page","link":"https:\/\/www.studionicoluccipresenza.it\/?page_id=3","title":{"rendered":"Privacy Policy"},"content":{"rendered":"\r\n<div class=\"header\">\r\n<h2>Nota informativa sulla privacy e trattamento dei dati personali<\/h2>\r\n<div class=\"pagination\">\u00a0<\/div>\r\n<\/div>\r\n<div class=\"row-fluid\">\r\n<p>Si forniscono di seguito alcune informazioni ed avvertenze sulle modalit\u00e0 di gestione del sito www.studionicoluccipresenza.it ai fini della tutela dei dati personali.<\/p>\r\n<h3>Trattamento dei dati personali<\/h3>\r\n<p align=\"justify\">La titolarit\u00e0 dei dati, conferiti volontariamente e trattati a seguito della consultazione del sito, \u00e8 attribuita allo Studio Nicolucci &amp; Presenza, che tratta i medesimi dati, oltre che per le finalit\u00e0 di ottimizzazione dell&#8217;uso del sito, per le proprie finalit\u00e0 statutarie ed istituzionali.<\/p>\r\n<p align=\"justify\">I trattamenti vengono svolti dal titolare con modalit\u00e0 cartacee, informatiche, telematiche sui sistemi informatici e server nella propria disponibilit\u00e0, dal personale (interno ed esterno) incaricato, tra cui il personale della societ\u00e0 Kombi, che tratta i dati al fine di gestire nel modo migliore il sito con modalit\u00e0 informatiche e telematiche.<br \/>Lo Studio Nicolucci &amp; Presenza raccoglie i dati relativi agli accessi ed alla navigazione all&#8217;interno del sito ed utilizza le informazioni raccolte per l&#8217;amministrazione tecnica del sito e per eventuali analisi statistiche circa il suo utilizzo.<br \/>Lo Studio Nicolucci &amp; Presenza potr\u00e0 utilizzare dati statistici globali sul tipo di traffico, ed altre informazioni correlate al sito, senza diffondere o comunicare a terzi dati relativi alla singola utenza.<\/p>\r\n<p align=\"justify\">Viene esclusa ogni forma di diffusione o comunicazione a terzi (salvo prestatori di servizi incaricati, nell&#8217;ambito delle finalit\u00e0 dichiarate). Gli interessati possono in ogni momento verificare i dati trattati ed esercitare tutti i diritti (tra cui quelli di rettifica, aggiornamento e cancellazione). Gli accessi al sito vengono monitorati, a soli fino statistici, da parte dello Studio Nicoluccii &amp; Presenza.<\/p>\r\n<h3>Misure di sicurezza del sito<\/h3>\r\n<p align=\"justify\">Per la gestione del sito sono state adottate specifiche misure di sicurezza, dirette a garantire l&#8217;accesso sicuro ed a tutelare le informazioni contenute nello stesso sito da rischi di perdita o distruzione anche accidentale. Il sistema antivirus utilizzato per la posta elettronica sia in ingresso che in uscita \u00e8 costantemente aggiornato e garantisce un elevato grado di sicurezza. Inoltre lo Studio Nicolucci &amp; Presenza, pur garantendo al suo interno l&#8217;adozione di appositi sistemi Antivirus, ricorda che, oltre ad essere un obbligo di legge, \u00e8 opportuno per l&#8217;utente dotare la propria stazione di lavoro di un sistema di prevenzione e scansione contro l&#8217;attacco di virus.<\/p>\r\n<h3>Dati di navigazione<\/h3>\r\n<p align=\"justify\">I sistemi informatici e le procedure software preposte al funzionamento di questo sito web acquisiscono, nel corso del loro normale esercizio, alcuni dati personali la cui trasmissione \u00e8 implicita nell&#8217;uso dei protocolli di comunicazione di Internet. Si tratta di informazioni che non sono raccolte per essere associate a interessati identificati, ma che per loro stessa natura potrebbero, attraverso elaborazioni ed associazioni con dati detenuti da terzi, permettere di identificare gli utenti.<\/p>\r\n<p align=\"justify\">In questa categoria di dati rientrano gli indirizzi IP o i nomi a dominio dei computer utilizzati dagli utenti che si connettono al sito, gli indirizzi in notazione URI (Uniform Resource Identifier) delle risorse richieste, l&#8217;orario della richiesta, il metodo utilizzato nel sottoporre la richiesta al server, la dimensione del file ottenuto in risposta, il codice numerico indicante lo stato della risposta data dal server (buon fine, errore, ecc.) ed altri parametri relativi al sistema operativo e all&#8217;ambiente informatico dell&#8217;utente.<\/p>\r\n<p align=\"justify\">Questi dati vengono utilizzati al solo fine di ricavare informazioni statistiche anonime sull&#8217;uso del sito e per controllarne il corretto funzionamento e vengono cancellati immediatamente dopo l&#8217;elaborazione. I dati potrebbero essere utilizzati per l&#8217;accertamento di responsabilit\u00e0 in caso di ipotetici reati informatici ai danni del sito: salva questa eventualit\u00e0, allo stato i dati sui contatti web non persistono per pi\u00f9 di sette giorni.<\/p>\r\n<p align=\"justify\">Nessun dato personale degli utenti viene in proposito acquisito dal sito. Non viene fatto uso di cookies per la trasmissione di informazioni di carattere personale, n\u00e9 vengono utilizzati c.d. cookies persistenti di alcun tipo, ovvero sistemi per il tracciamento degli utenti.<\/p>\r\n<\/div>\r\n","protected":false},"excerpt":{"rendered":"<p>Nota informativa sulla privacy e trattamento dei dati personali \u00a0 Si forniscono di seguito alcune informazioni ed avvertenze sulle modalit\u00e0 di gestione del sito www.studionicoluccipresenza.it ai fini della tutela dei dati personali. Trattamento dei dati personali La titolarit\u00e0 dei dati, conferiti volontariamente e trattati a seguito della consultazione del sito, \u00e8 attribuita allo Studio Nicolucci&hellip;<\/p>\n","protected":false},"author":1,"featured_media":0,"parent":0,"menu_order":0,"comment_status":"closed","ping_status":"open","template":"","meta":[],"_links":{"self":[{"href":"https:\/\/www.studionicoluccipresenza.it\/index.php?rest_route=\/wp\/v2\/pages\/3"}],"collection":[{"href":"https:\/\/www.studionicoluccipresenza.it\/index.php?rest_route=\/wp\/v2\/pages"}],"about":[{"href":"https:\/\/www.studionicoluccipresenza.it\/index.php?rest_route=\/wp\/v2\/types\/page"}],"author":[{"embeddable":true,"href":"https:\/\/www.studionicoluccipresenza.it\/index.php?rest_route=\/wp\/v2\/users\/1"}],"replies":[{"embeddable":true,"href":"https:\/\/www.studionicoluccipresenza.it\/index.php?rest_route=%2Fwp%2Fv2%2Fcomments&post=3"}],"version-history":[{"count":1,"href":"https:\/\/www.studionicoluccipresenza.it\/index.php?rest_route=\/wp\/v2\/pages\/3\/revisions"}],"predecessor-version":[{"id":1969,"href":"https:\/\/www.studionicoluccipresenza.it\/index.php?rest_route=\/wp\/v2\/pages\/3\/revisions\/1969"}],"wp:attachment":[{"href":"https:\/\/www.studionicoluccipresenza.it\/index.php?rest_route=%2Fwp%2Fv2%2Fmedia&parent=3"}],"curies":[{"name":"wp","href":"https:\/\/api.w.org\/{rel}","templated":true}]}}